{"id":3,"date":"2024-12-12T16:31:32","date_gmt":"2024-12-12T16:31:32","guid":{"rendered":"https:\/\/brazilianportuguesehub.com\/?page_id=3"},"modified":"2026-01-13T17:34:32","modified_gmt":"2026-01-13T17:34:32","slug":"privacy-policy","status":"publish","type":"page","link":"https:\/\/brazilianportuguesehub.com\/es\/privacy-policy\/","title":{"rendered":"pol\u00edtica de privacidad"},"content":{"rendered":"<div data-elementor-type=\"wp-page\" data-elementor-id=\"3\" class=\"elementor elementor-3\" data-elementor-post-type=\"page\">\n\t\t\t\t<div class=\"elementor-element elementor-element-68d42383 e-con-full e-flex e-con e-parent\" data-id=\"68d42383\" data-element_type=\"container\" data-e-type=\"container\">\n\t\t\t\t<div class=\"elementor-element elementor-element-5ef57818 elementor-drop-cap-yes elementor-drop-cap-view-framed elementor-widget elementor-widget-text-editor\" data-id=\"5ef57818\" data-element_type=\"widget\" data-e-type=\"widget\" data-settings=\"{&quot;drop_cap&quot;:&quot;yes&quot;}\" data-widget_type=\"text-editor.default\">\n\t\t\t\t<div class=\"elementor-widget-container\">\n\t\t\t\t\t\t\t\t\t<p><em>\u00daltima actualizaci\u00f3n: 15 de mayo de 2025<\/em><\/p>\n<h2>1. Quienes somos<\/h2>\n<p>Centro de Portugu\u00e9s Brasile\u00f1o (\u201c<strong>nosotros<\/strong>\u201c, \u201c<strong>nuestro<\/strong>\u201c, \u201c<strong>a nosotros<\/strong>\u201c) opera el sitio web <strong><a href=\"https:\/\/brazilianportuguesehub.com\/es\/\">https:\/\/brazilianportuguesehub.com\/<\/a><\/strong>\u00a0(el &quot;<strong>Sitio<\/strong>\u201d). Estamos ubicados en<strong>\u00a0Brasil<\/strong> y se puede contactar en <strong>contact@brazilianportuguesehub.com<\/strong>.<\/p>\n<h2>2. Qu\u00e9 datos recopilamos y por qu\u00e9<\/h2>\n<table>\n<thead>\n<tr>\n<th>Categor\u00eda<\/th>\n<th>Objetivo<\/th>\n<th>Base legal*<\/th>\n<\/tr>\n<\/thead>\n<tbody>\n<tr>\n<td><strong>Cookies de an\u00e1lisis (Google Analytics 4)<\/strong><\/td>\n<td>Para comprender c\u00f3mo los visitantes usan el Sitio (p\u00e1ginas visitadas, tiempo en la p\u00e1gina, tipo de dispositivo, ubicaci\u00f3n general, etc.). Todas las direcciones IP est\u00e1n truncadas (<strong>Anonimizaci\u00f3n de IP<\/strong>) antes de ser almacenados por Google.<\/td>\n<td>Inter\u00e9s leg\u00edtimo (RGPD art. 6 \u00a7 1 f)<\/td>\n<\/tr>\n<tr>\n<td><strong>Registros del servidor<\/strong><\/td>\n<td>Nuestro proveedor de alojamiento almacena autom\u00e1ticamente archivos de registro est\u00e1ndar (direcci\u00f3n IP, tipo de navegador, fecha y hora) por motivos de seguridad y depuraci\u00f3n.<\/td>\n<td>Inter\u00e9s leg\u00edtimo<\/td>\n<\/tr>\n<tr>\n<td><strong>Datos voluntarios<\/strong><\/td>\n<td>Si nos env\u00eda un correo electr\u00f3nico o env\u00eda un formulario, recibiremos los datos que proporcione (por ejemplo, nombre, correo electr\u00f3nico).<\/td>\n<td>Consentimiento (art. 6 \u00a7 1 a) o iniciaci\u00f3n del contrato (art. 6 \u00a7 1 b)<\/td>\n<\/tr>\n<\/tbody>\n<\/table>\n<p>*Para los visitantes fuera de la UE\/EEE, se aplican las mismas pr\u00e1cticas de acuerdo con las regulaciones locales (por ejemplo, CCPA, LGPD).<\/p>\n<h2>3. Cookies y tecnolog\u00edas similares<\/h2>\n<p>Solo instalamos cookies propias requeridas por Google Analytics (_ga, _gid, etc.). No se instalan cookies publicitarias ni de seguimiento entre sitios.<\/p>\n<h2>4. Durante cu\u00e1nto tiempo conservamos los datos<\/h2>\n<ul>\n<li>\n<p><strong>Datos de Google Analytics:<\/strong> 14 meses (la configuraci\u00f3n se puede cambiar en cualquier momento).<\/p>\n<\/li>\n<li>\n<p><strong>Registros del servidor:<\/strong> 30 d\u00edas.<\/p>\n<\/li>\n<li>\n<p><strong>Correos electr\u00f3nicos\/formularios:<\/strong> retenido hasta que se resuelva su consulta m\u00e1s 12 meses.<\/p>\n<\/li>\n<\/ul>\n<h2>5. Intercambio y transferencia de datos<\/h2>\n<p>Los datos anal\u00edticos son procesados por <strong>Google LLC<\/strong> en nuestro nombre. Los servidores de Google pueden estar ubicados en Estados Unidos. Las transferencias de datos dependen de <strong>cl\u00e1usulas contractuales est\u00e1ndar (CCE)<\/strong> y el Anexo sobre Procesamiento de Datos de Google.<\/p>\n<h2>6. Sus derechos<\/h2>\n<p>Dependiendo de su jurisdicci\u00f3n, usted puede:<\/p>\n<ul>\n<li>\n<p>solicitar el acceso, rectificaci\u00f3n o supresi\u00f3n de sus datos personales;<\/p>\n<\/li>\n<li>\n<p>oponerse al tratamiento o solicitar su limitaci\u00f3n;<\/p>\n<\/li>\n<li>\n<p>retirar el consentimiento en cualquier momento (afecta s\u00f3lo al procesamiento futuro);<\/p>\n<\/li>\n<li>\n<p>presentar una reclamaci\u00f3n ante una autoridad de control.<\/p>\n<\/li>\n<\/ul>\n<h2>7. C\u00f3mo controlar las cookies<\/h2>\n<p>Puede optar por no participar a trav\u00e9s del banner en su primera visita o m\u00e1s tarde haciendo clic en <strong>\u201cConfiguraci\u00f3n de cookies\u201d<\/strong> en el pie de p\u00e1gina. Tambi\u00e9n puedes instalar Google <a href=\"https:\/\/tools.google.com\/dlpage\/gaoptout\" target=\"_blank\" rel=\"noopener\">Complemento de inhabilitaci\u00f3n para navegadores de GA<\/a>.<\/p>\n<h2>8. Seguridad<\/h2>\n<p>El Sitio utiliza HTTPS (TLS 1.3) y medidas de seguridad est\u00e1ndar de la industria para proteger los datos en tr\u00e1nsito y en reposo.<\/p>\n<h2>9. Cambios a esta Pol\u00edtica<\/h2>\n<p>Es posible que actualicemos esta Pol\u00edtica de vez en cuando. La <strong>\u201c\u00daltima actualizaci\u00f3n\u201d<\/strong> La fecha aparecer\u00e1 en la parte superior de la p\u00e1gina.<\/p>\n<h2>10. Contacto<\/h2>\n<p>\u00bfPreguntas? Env\u00edenos un correo electr\u00f3nico a <strong>contact@brazilianportuguesehub.com<\/strong>.<\/p>\t\t\t\t\t\t\t\t<\/div>\n\t\t\t\t<\/div>\n\t\t\t\t<\/div>\n\t\t\t\t<\/div>","protected":false},"excerpt":{"rendered":"<p>Last updated: 15 May 2025 1. Who We Are Brazilian Portuguese Hub (&#8220;we&#8220;, &#8220;our&#8220;, &#8220;us&#8220;) operates the website https:\/\/brazilianportuguesehub.com\/\u00a0(the \u201cSite\u201d). We are based in\u00a0Brazil and can be reached at contact@brazilianportuguesehub.com. 2. What Data We Collect\u00a0&amp; Why Category Purpose Legal basis* Analytics cookies (Google\u00a0Analytics\u00a04) To understand how visitors use the Site (pages viewed, time on page, [&hellip;]<\/p>\n","protected":false},"author":1,"featured_media":0,"parent":0,"menu_order":0,"comment_status":"closed","ping_status":"open","template":"","meta":{"inline_featured_image":false,"footnotes":""},"class_list":["post-3","page","type-page","status-publish","hentry"],"_links":{"self":[{"href":"https:\/\/brazilianportuguesehub.com\/es\/wp-json\/wp\/v2\/pages\/3","targetHints":{"allow":["GET"]}}],"collection":[{"href":"https:\/\/brazilianportuguesehub.com\/es\/wp-json\/wp\/v2\/pages"}],"about":[{"href":"https:\/\/brazilianportuguesehub.com\/es\/wp-json\/wp\/v2\/types\/page"}],"author":[{"embeddable":true,"href":"https:\/\/brazilianportuguesehub.com\/es\/wp-json\/wp\/v2\/users\/1"}],"replies":[{"embeddable":true,"href":"https:\/\/brazilianportuguesehub.com\/es\/wp-json\/wp\/v2\/comments?post=3"}],"version-history":[{"count":14,"href":"https:\/\/brazilianportuguesehub.com\/es\/wp-json\/wp\/v2\/pages\/3\/revisions"}],"predecessor-version":[{"id":1562,"href":"https:\/\/brazilianportuguesehub.com\/es\/wp-json\/wp\/v2\/pages\/3\/revisions\/1562"}],"wp:attachment":[{"href":"https:\/\/brazilianportuguesehub.com\/es\/wp-json\/wp\/v2\/media?parent=3"}],"curies":[{"name":"wp","href":"https:\/\/api.w.org\/{rel}","templated":true}]}}