{"id":3,"date":"2024-12-12T16:31:32","date_gmt":"2024-12-12T16:31:32","guid":{"rendered":"https:\/\/brazilianportuguesehub.com\/?page_id=3"},"modified":"2026-01-13T17:34:32","modified_gmt":"2026-01-13T17:34:32","slug":"privacy-policy","status":"publish","type":"page","link":"https:\/\/brazilianportuguesehub.com\/de\/privacy-policy\/","title":{"rendered":"Datenschutzrichtlinie"},"content":{"rendered":"<div data-elementor-type=\"wp-page\" data-elementor-id=\"3\" class=\"elementor elementor-3\" data-elementor-post-type=\"page\">\n\t\t\t\t<div class=\"elementor-element elementor-element-68d42383 e-con-full e-flex e-con e-parent\" data-id=\"68d42383\" data-element_type=\"container\" data-e-type=\"container\">\n\t\t\t\t<div class=\"elementor-element elementor-element-5ef57818 elementor-drop-cap-yes elementor-drop-cap-view-framed elementor-widget elementor-widget-text-editor\" data-id=\"5ef57818\" data-element_type=\"widget\" data-e-type=\"widget\" data-settings=\"{&quot;drop_cap&quot;:&quot;yes&quot;}\" data-widget_type=\"text-editor.default\">\n\t\t\t\t<div class=\"elementor-widget-container\">\n\t\t\t\t\t\t\t\t\t<p><em>Letzte Aktualisierung: 15. Mai 2025<\/em><\/p>\n<h2>1. Wer wir sind<\/h2>\n<p>Brasilianisch-portugiesisches Zentrum (\u201e<strong>Wir<\/strong>\u201c, \u201c<strong>unser<\/strong>\u201c, \u201c<strong>uns<\/strong>\u201e) betreibt die Website <strong><a href=\"https:\/\/brazilianportuguesehub.com\/de\/\">https:\/\/brazilianportuguesehub.com\/<\/a><\/strong>\u00a0(Die &quot;<strong>Website<\/strong>\u201d). Wir sind ans\u00e4ssig in<strong>\u00a0Brasilien<\/strong> und ist erreichbar unter <strong>contact@brazilianportuguesehub.com<\/strong>.<\/p>\n<h2>2. Welche Daten wir sammeln und warum<\/h2>\n<table>\n<thead>\n<tr>\n<th>Kategorie<\/th>\n<th>Zweck<\/th>\n<th>Rechtsgrundlage*<\/th>\n<\/tr>\n<\/thead>\n<tbody>\n<tr>\n<td><strong>Analyse-Cookies (Google Analytics 4)<\/strong><\/td>\n<td>Um zu verstehen, wie Besucher die Website nutzen (aufgerufene Seiten, Verweildauer auf der Seite, Ger\u00e4tetyp, genauer Standort usw.). Alle IP-Adressen werden gek\u00fcrzt (<strong>IP\u2011Anonymisierung<\/strong>), bevor sie von Google gespeichert werden.<\/td>\n<td>Berechtigtes Interesse (Art. 6 Abs. 1 f DSGVO)<\/td>\n<\/tr>\n<tr>\n<td><strong>Serverprotokolle<\/strong><\/td>\n<td>Standardprotokolldateien (IP-Adresse, Browsertyp, Datum\/Uhrzeit) werden von unserem Hosting-Anbieter automatisch aus Sicherheits- und Fehlerbehebungsgr\u00fcnden gespeichert.<\/td>\n<td>Berechtigtes Interesse<\/td>\n<\/tr>\n<tr>\n<td><strong>Freiwillige Daten<\/strong><\/td>\n<td>Wenn Sie uns eine E-Mail senden oder ein Formular absenden, erhalten wir die von Ihnen angegebenen Daten (z. B. Name, E-Mail).<\/td>\n<td>Einwilligung (Art. 6 Abs. 1 lit. a) oder Vertragsanbahnung (Art. 6 Abs. 1 lit. b)<\/td>\n<\/tr>\n<\/tbody>\n<\/table>\n<p>*F\u00fcr Besucher au\u00dferhalb der EU\/des EWR gelten die gleichen Praktiken gem\u00e4\u00df den lokalen Vorschriften (z. B. CCPA, LGPD).<\/p>\n<h2>3. Cookies und \u00e4hnliche Technologien<\/h2>\n<p>Wir setzen ausschlie\u00dflich Erstanbieter-Cookies, die von Google Analytics ben\u00f6tigt werden (_ga, _gid usw.). Es werden keine Werbe- oder Cross-Site-Tracking-Cookies gesetzt.<\/p>\n<h2>4. Wie lange wir Daten speichern<\/h2>\n<ul>\n<li>\n<p><strong>Google Analytics-Daten:<\/strong> 14 Monate (Einstellung kann jederzeit ge\u00e4ndert werden).<\/p>\n<\/li>\n<li>\n<p><strong>Serverprotokolle:<\/strong> 30 Tage.<\/p>\n<\/li>\n<li>\n<p><strong>E-Mails\/Formulare:<\/strong> gespeichert, bis Ihre Anfrage gekl\u00e4rt ist, plus 12 Monate.<\/p>\n<\/li>\n<\/ul>\n<h2>5. Datenfreigabe und -\u00fcbertragung<\/h2>\n<p>Die Analysedaten werden verarbeitet von <strong>Google LLC<\/strong> in unserem Namen. Die Server von Google k\u00f6nnen sich in den USA befinden. Daten\u00fcbertragungen basieren auf <strong>Standardvertragsklauseln (SCCs)<\/strong> und Googles Zusatz zur Datenverarbeitung.<\/p>\n<h2>6. Ihre Rechte<\/h2>\n<p>Abh\u00e4ngig von Ihrer Gerichtsbarkeit k\u00f6nnen Sie:<\/p>\n<ul>\n<li>\n<p>Zugriff auf Ihre personenbezogenen Daten sowie deren Berichtigung oder L\u00f6schung zu verlangen;<\/p>\n<\/li>\n<li>\n<p>der Verarbeitung widersprechen oder eine Einschr\u00e4nkung verlangen;<\/p>\n<\/li>\n<li>\n<p>die Einwilligung jederzeit widerrufen (wirkt sich nur auf die zuk\u00fcnftige Verarbeitung aus);<\/p>\n<\/li>\n<li>\n<p>eine Beschwerde bei einer Aufsichtsbeh\u00f6rde einreichen.<\/p>\n<\/li>\n<\/ul>\n<h2>7. So kontrollieren Sie Cookies<\/h2>\n<p>Sie k\u00f6nnen sich \u00fcber das Banner bei Ihrem ersten Besuch abmelden oder sp\u00e4ter durch Klicken auf <strong>\u201eCookie-Einstellungen\u201c<\/strong> in der Fu\u00dfzeile. Sie k\u00f6nnen auch Googles installieren <a href=\"https:\/\/tools.google.com\/dlpage\/gaoptout\" target=\"_blank\" rel=\"noopener\">GA Opt-out Browser Add-on<\/a>.<\/p>\n<h2>8. Sicherheit<\/h2>\n<p>Die Site verwendet HTTPS (TLS 1.3) und branchen\u00fcbliche Sicherheitsvorkehrungen, um Daten w\u00e4hrend der \u00dcbertragung und im Ruhezustand zu sch\u00fctzen.<\/p>\n<h2>9. \u00c4nderungen dieser Richtlinie<\/h2>\n<p>Wir k\u00f6nnen diese Richtlinie von Zeit zu Zeit aktualisieren. <strong>\u201eZuletzt aktualisiert\u201c<\/strong> Das Datum wird oben auf der Seite angezeigt.<\/p>\n<h2>10. Kontakt<\/h2>\n<p>Fragen? Schreiben Sie uns eine E-Mail an <strong>contact@brazilianportuguesehub.com<\/strong>.<\/p>\t\t\t\t\t\t\t\t<\/div>\n\t\t\t\t<\/div>\n\t\t\t\t<\/div>\n\t\t\t\t<\/div>","protected":false},"excerpt":{"rendered":"<p>Last updated: 15 May 2025 1. Who We Are Brazilian Portuguese Hub (&#8220;we&#8220;, &#8220;our&#8220;, &#8220;us&#8220;) operates the website https:\/\/brazilianportuguesehub.com\/\u00a0(the \u201cSite\u201d). We are based in\u00a0Brazil and can be reached at contact@brazilianportuguesehub.com. 2. What Data We Collect\u00a0&amp; Why Category Purpose Legal basis* Analytics cookies (Google\u00a0Analytics\u00a04) To understand how visitors use the Site (pages viewed, time on page, [&hellip;]<\/p>\n","protected":false},"author":1,"featured_media":0,"parent":0,"menu_order":0,"comment_status":"closed","ping_status":"open","template":"","meta":{"inline_featured_image":false,"footnotes":""},"class_list":["post-3","page","type-page","status-publish","hentry"],"_links":{"self":[{"href":"https:\/\/brazilianportuguesehub.com\/de\/wp-json\/wp\/v2\/pages\/3","targetHints":{"allow":["GET"]}}],"collection":[{"href":"https:\/\/brazilianportuguesehub.com\/de\/wp-json\/wp\/v2\/pages"}],"about":[{"href":"https:\/\/brazilianportuguesehub.com\/de\/wp-json\/wp\/v2\/types\/page"}],"author":[{"embeddable":true,"href":"https:\/\/brazilianportuguesehub.com\/de\/wp-json\/wp\/v2\/users\/1"}],"replies":[{"embeddable":true,"href":"https:\/\/brazilianportuguesehub.com\/de\/wp-json\/wp\/v2\/comments?post=3"}],"version-history":[{"count":14,"href":"https:\/\/brazilianportuguesehub.com\/de\/wp-json\/wp\/v2\/pages\/3\/revisions"}],"predecessor-version":[{"id":1562,"href":"https:\/\/brazilianportuguesehub.com\/de\/wp-json\/wp\/v2\/pages\/3\/revisions\/1562"}],"wp:attachment":[{"href":"https:\/\/brazilianportuguesehub.com\/de\/wp-json\/wp\/v2\/media?parent=3"}],"curies":[{"name":"wp","href":"https:\/\/api.w.org\/{rel}","templated":true}]}}